{"id":259,"date":"2024-05-24T10:33:06","date_gmt":"2024-05-24T10:33:06","guid":{"rendered":"https:\/\/pensiuneawaldor.ro\/index.php\/home\/"},"modified":"2024-06-25T21:09:05","modified_gmt":"2024-06-25T21:09:05","slug":"pensiunea-waldor","status":"publish","type":"page","link":"https:\/\/pensiuneawaldor.ro\/","title":{"rendered":"Home"},"content":{"rendered":"\t\t<div data-elementor-type=\"wp-page\" data-elementor-id=\"259\" class=\"elementor elementor-259\">\n\t\t\t\t<div class=\"elementor-element elementor-element-57d1179 e-flex e-con-boxed e-con e-parent\" data-id=\"57d1179\" data-element_type=\"container\">\n\t\t\t\t\t<div class=\"e-con-inner\">\n\t\t\t\t<div class=\"elementor-element elementor-element-3390ca7 elementor-widget elementor-widget-rating\" data-id=\"3390ca7\" data-element_type=\"widget\" data-widget_type=\"rating.default\">\n\t\t\t\t<div class=\"elementor-widget-container\">\n\t\t\t<style>\/*! elementor - v3.21.0 - 22-05-2024 *\/\n.elementor-widget-rating{--e-rating-gap:0px;--e-rating-icon-font-size:16px;--e-rating-icon-color:#ccd6df;--e-rating-icon-marked-color:#f0ad4e;--e-rating-icon-marked-width:100%;--e-rating-justify-content:flex-start}.elementor-widget-rating .e-rating{display:flex;justify-content:var(--e-rating-justify-content)}.elementor-widget-rating .e-rating-wrapper{display:flex;justify-content:inherit;flex-direction:row;flex-wrap:wrap;width:-moz-fit-content;width:fit-content;margin-block-end:calc(0px - var(--e-rating-gap));margin-inline-end:calc(0px - var(--e-rating-gap))}.elementor-widget-rating .e-rating .e-icon{position:relative;margin-block-end:var(--e-rating-gap);margin-inline-end:var(--e-rating-gap)}.elementor-widget-rating .e-rating .e-icon-wrapper.e-icon-marked{--e-rating-icon-color:var(--e-rating-icon-marked-color);width:var(--e-rating-icon-marked-width);position:absolute;z-index:1;height:100%;left:0;top:0;overflow:hidden}.elementor-widget-rating .e-rating .e-icon-wrapper :is(i,svg){display:flex;flex-shrink:0}.elementor-widget-rating .e-rating .e-icon-wrapper i{font-size:var(--e-rating-icon-font-size);color:var(--e-rating-icon-color)}.elementor-widget-rating .e-rating .e-icon-wrapper svg{width:auto;height:var(--e-rating-icon-font-size);fill:var(--e-rating-icon-color)}<\/style>\t\t<div class=\"e-rating\" itemtype=\"https:\/\/schema.org\/Rating\" itemscope=\"\" itemprop=\"reviewRating\">\n\t\t\t<meta itemprop=\"worstRating\" content=\"0\">\n\t\t\t<meta itemprop=\"bestRating\" content=\"4\">\n\t\t\t<div class=\"e-rating-wrapper\" itemprop=\"ratingValue\" content=\"4\" role=\"img\" aria-label=\"Rated 4 out of 4\">\n\t\t\t\t\t\t\t<div class=\"e-icon\">\n\t\t\t\t<div class=\"e-icon-wrapper e-icon-marked\">\n\t\t\t\t\t<svg aria-hidden=\"true\" class=\"e-font-icon-svg e-eicon-star\" viewBox=\"0 0 1000 1000\" xmlns=\"http:\/\/www.w3.org\/2000\/svg\"><path d=\"M450 75L338 312 88 350C46 354 25 417 58 450L238 633 196 896C188 942 238 975 275 954L500 837 725 954C767 975 813 942 804 896L763 633 942 450C975 417 954 358 913 350L663 312 550 75C529 33 471 33 450 75Z\"><\/path><\/svg>\t\t\t\t<\/div>\n\t\t\t\t<div class=\"e-icon-wrapper e-icon-unmarked\">\n\t\t\t\t\t<svg aria-hidden=\"true\" class=\"e-font-icon-svg e-eicon-star\" viewBox=\"0 0 1000 1000\" xmlns=\"http:\/\/www.w3.org\/2000\/svg\"><path d=\"M450 75L338 312 88 350C46 354 25 417 58 450L238 633 196 896C188 942 238 975 275 954L500 837 725 954C767 975 813 942 804 896L763 633 942 450C975 417 954 358 913 350L663 312 550 75C529 33 471 33 450 75Z\"><\/path><\/svg>\t\t\t\t<\/div>\n\t\t\t<\/div>\n\t\t\t\t\t\t<div class=\"e-icon\">\n\t\t\t\t<div class=\"e-icon-wrapper e-icon-marked\">\n\t\t\t\t\t<svg aria-hidden=\"true\" class=\"e-font-icon-svg e-eicon-star\" viewBox=\"0 0 1000 1000\" xmlns=\"http:\/\/www.w3.org\/2000\/svg\"><path d=\"M450 75L338 312 88 350C46 354 25 417 58 450L238 633 196 896C188 942 238 975 275 954L500 837 725 954C767 975 813 942 804 896L763 633 942 450C975 417 954 358 913 350L663 312 550 75C529 33 471 33 450 75Z\"><\/path><\/svg>\t\t\t\t<\/div>\n\t\t\t\t<div class=\"e-icon-wrapper e-icon-unmarked\">\n\t\t\t\t\t<svg aria-hidden=\"true\" class=\"e-font-icon-svg e-eicon-star\" viewBox=\"0 0 1000 1000\" xmlns=\"http:\/\/www.w3.org\/2000\/svg\"><path d=\"M450 75L338 312 88 350C46 354 25 417 58 450L238 633 196 896C188 942 238 975 275 954L500 837 725 954C767 975 813 942 804 896L763 633 942 450C975 417 954 358 913 350L663 312 550 75C529 33 471 33 450 75Z\"><\/path><\/svg>\t\t\t\t<\/div>\n\t\t\t<\/div>\n\t\t\t\t\t\t<div class=\"e-icon\">\n\t\t\t\t<div class=\"e-icon-wrapper e-icon-marked\">\n\t\t\t\t\t<svg aria-hidden=\"true\" class=\"e-font-icon-svg e-eicon-star\" viewBox=\"0 0 1000 1000\" xmlns=\"http:\/\/www.w3.org\/2000\/svg\"><path d=\"M450 75L338 312 88 350C46 354 25 417 58 450L238 633 196 896C188 942 238 975 275 954L500 837 725 954C767 975 813 942 804 896L763 633 942 450C975 417 954 358 913 350L663 312 550 75C529 33 471 33 450 75Z\"><\/path><\/svg>\t\t\t\t<\/div>\n\t\t\t\t<div class=\"e-icon-wrapper e-icon-unmarked\">\n\t\t\t\t\t<svg aria-hidden=\"true\" class=\"e-font-icon-svg e-eicon-star\" viewBox=\"0 0 1000 1000\" xmlns=\"http:\/\/www.w3.org\/2000\/svg\"><path d=\"M450 75L338 312 88 350C46 354 25 417 58 450L238 633 196 896C188 942 238 975 275 954L500 837 725 954C767 975 813 942 804 896L763 633 942 450C975 417 954 358 913 350L663 312 550 75C529 33 471 33 450 75Z\"><\/path><\/svg>\t\t\t\t<\/div>\n\t\t\t<\/div>\n\t\t\t\t\t\t<div class=\"e-icon\">\n\t\t\t\t<div class=\"e-icon-wrapper e-icon-marked\">\n\t\t\t\t\t<svg aria-hidden=\"true\" class=\"e-font-icon-svg e-eicon-star\" viewBox=\"0 0 1000 1000\" xmlns=\"http:\/\/www.w3.org\/2000\/svg\"><path d=\"M450 75L338 312 88 350C46 354 25 417 58 450L238 633 196 896C188 942 238 975 275 954L500 837 725 954C767 975 813 942 804 896L763 633 942 450C975 417 954 358 913 350L663 312 550 75C529 33 471 33 450 75Z\"><\/path><\/svg>\t\t\t\t<\/div>\n\t\t\t\t<div class=\"e-icon-wrapper e-icon-unmarked\">\n\t\t\t\t\t<svg aria-hidden=\"true\" class=\"e-font-icon-svg e-eicon-star\" viewBox=\"0 0 1000 1000\" xmlns=\"http:\/\/www.w3.org\/2000\/svg\"><path d=\"M450 75L338 312 88 350C46 354 25 417 58 450L238 633 196 896C188 942 238 975 275 954L500 837 725 954C767 975 813 942 804 896L763 633 942 450C975 417 954 358 913 350L663 312 550 75C529 33 471 33 450 75Z\"><\/path><\/svg>\t\t\t\t<\/div>\n\t\t\t<\/div>\n\t\t\t\t\t\t<\/div>\n\t\t<\/div>\n\t\t\t\t<\/div>\n\t\t\t\t<\/div>\n\t\t\t\t\t<\/div>\n\t\t\t\t<\/div>\n\t\t<div class=\"elementor-element elementor-element-88ada7c e-flex e-con-boxed e-con e-parent\" data-id=\"88ada7c\" data-element_type=\"container\" data-settings=\"{&quot;background_background&quot;:&quot;classic&quot;}\">\n\t\t\t\t\t<div class=\"e-con-inner\">\n\t\t<div class=\"elementor-element elementor-element-eee37fd e-con-full e-flex e-con e-child\" data-id=\"eee37fd\" data-element_type=\"container\">\n\t\t\t\t<div class=\"elementor-element elementor-element-a78f377 elementor-widget elementor-widget-video\" data-id=\"a78f377\" data-element_type=\"widget\" data-settings=\"{&quot;video_type&quot;:&quot;hosted&quot;,&quot;autoplay&quot;:&quot;yes&quot;,&quot;play_on_mobile&quot;:&quot;yes&quot;,&quot;mute&quot;:&quot;yes&quot;,&quot;loop&quot;:&quot;yes&quot;}\" data-widget_type=\"video.default\">\n\t\t\t\t<div class=\"elementor-widget-container\">\n\t\t\t<style>\/*! elementor - v3.21.0 - 22-05-2024 *\/\n.elementor-widget-video .elementor-widget-container{overflow:hidden;transform:translateZ(0)}.elementor-widget-video .elementor-wrapper{aspect-ratio:var(--video-aspect-ratio)}.elementor-widget-video .elementor-wrapper iframe,.elementor-widget-video .elementor-wrapper video{height:100%;width:100%;display:flex;border:none;background-color:#000}@supports not (aspect-ratio:1\/1){.elementor-widget-video .elementor-wrapper{position:relative;overflow:hidden;height:0;padding-bottom:calc(100% \/ var(--video-aspect-ratio))}.elementor-widget-video .elementor-wrapper iframe,.elementor-widget-video .elementor-wrapper video{position:absolute;top:0;right:0;bottom:0;left:0}}.elementor-widget-video .elementor-open-inline .elementor-custom-embed-image-overlay{position:absolute;top:0;right:0;bottom:0;left:0;background-size:cover;background-position:50%}.elementor-widget-video .elementor-custom-embed-image-overlay{cursor:pointer;text-align:center}.elementor-widget-video .elementor-custom-embed-image-overlay:hover .elementor-custom-embed-play i{opacity:1}.elementor-widget-video .elementor-custom-embed-image-overlay img{display:block;width:100%;aspect-ratio:var(--video-aspect-ratio);-o-object-fit:cover;object-fit:cover;-o-object-position:center center;object-position:center center}@supports not (aspect-ratio:1\/1){.elementor-widget-video .elementor-custom-embed-image-overlay{position:relative;overflow:hidden;height:0;padding-bottom:calc(100% \/ var(--video-aspect-ratio))}.elementor-widget-video .elementor-custom-embed-image-overlay img{position:absolute;top:0;right:0;bottom:0;left:0}}.elementor-widget-video .e-hosted-video .elementor-video{-o-object-fit:cover;object-fit:cover}.e-con-inner>.elementor-widget-video,.e-con>.elementor-widget-video{width:var(--container-widget-width);--flex-grow:var(--container-widget-flex-grow)}<\/style>\t\t<div class=\"e-hosted-video elementor-wrapper elementor-open-inline\">\n\t\t\t\t\t<video class=\"elementor-video\" src=\"https:\/\/pensiuneawaldor.ro\/wp-content\/uploads\/2024\/06\/copy_A4AC3F32-ABD4-42C3-A8A8-EBBA9AB60FE9.mov\" autoplay=\"\" loop=\"\" muted=\"muted\" playsinline=\"\" controlsList=\"nodownload\" poster=\"https:\/\/pensiuneawaldor.ro\/wp-content\/uploads\/2024\/06\/IMG_8075-1-scaled-e1719259663412.jpeg\"><\/video>\n\t\t\t\t<\/div>\n\t\t\t\t<\/div>\n\t\t\t\t<\/div>\n\t\t\t\t<\/div>\n\t\t<div class=\"elementor-element elementor-element-18f1a6f e-con-full e-flex e-con e-child\" data-id=\"18f1a6f\" data-element_type=\"container\">\n\t\t\t\t<div class=\"elementor-element elementor-element-ddb10db elementor-widget elementor-widget-heading\" data-id=\"ddb10db\" data-element_type=\"widget\" data-widget_type=\"heading.default\">\n\t\t\t\t<div class=\"elementor-widget-container\">\n\t\t\t<style>\/*! elementor - v3.21.0 - 22-05-2024 *\/\n.elementor-heading-title{padding:0;margin:0;line-height:1}.elementor-widget-heading .elementor-heading-title[class*=elementor-size-]>a{color:inherit;font-size:inherit;line-height:inherit}.elementor-widget-heading .elementor-heading-title.elementor-size-small{font-size:15px}.elementor-widget-heading .elementor-heading-title.elementor-size-medium{font-size:19px}.elementor-widget-heading .elementor-heading-title.elementor-size-large{font-size:29px}.elementor-widget-heading .elementor-heading-title.elementor-size-xl{font-size:39px}.elementor-widget-heading .elementor-heading-title.elementor-size-xxl{font-size:59px}<\/style><h2 class=\"elementor-heading-title elementor-size-default\">Bine ati venit la Pensiunea Waldor<\/h2>\t\t<\/div>\n\t\t\t\t<\/div>\n\t\t\t\t<div class=\"elementor-element elementor-element-e81a77f elementor-widget elementor-widget-text-editor\" data-id=\"e81a77f\" data-element_type=\"widget\" data-widget_type=\"text-editor.default\">\n\t\t\t\t<div class=\"elementor-widget-container\">\n\t\t\t<style>\/*! elementor - v3.21.0 - 22-05-2024 *\/\n.elementor-widget-text-editor.elementor-drop-cap-view-stacked .elementor-drop-cap{background-color:#69727d;color:#fff}.elementor-widget-text-editor.elementor-drop-cap-view-framed .elementor-drop-cap{color:#69727d;border:3px solid;background-color:transparent}.elementor-widget-text-editor:not(.elementor-drop-cap-view-default) .elementor-drop-cap{margin-top:8px}.elementor-widget-text-editor:not(.elementor-drop-cap-view-default) .elementor-drop-cap-letter{width:1em;height:1em}.elementor-widget-text-editor .elementor-drop-cap{float:left;text-align:center;line-height:1;font-size:50px}.elementor-widget-text-editor .elementor-drop-cap-letter{display:inline-block}<\/style>\t\t\t\t<p>Pensiunea Waldor Confortul \u0219i buna ta dispozi\u021bie sunt extrem de importante pentru noi, a\u0219a c\u0103 ne-am imaginat pentru tine ceea ce ne-ar pl\u0103cea \u0219i nou\u0103 s\u0103 g\u0103sim la r\u00e2ndul nostru atunci c\u00e2nd vizit\u0103m un loc, fie c\u0103 este vorba de o c\u0103l\u0103torie de relaxare sau de business. De aceea, pe l\u00e2ng\u0103 confortul din camere vei avea ocazia de a servi la restaurantul Waldor sau in superba gradina un meniu\u00a0 bogat \u0219i variat care s\u0103 satisfac\u0103 \u0219i cele mai preten\u021bioase gusturi.<\/p>\t\t\t\t\t\t<\/div>\n\t\t\t\t<\/div>\n\t\t\t\t<\/div>\n\t\t\t\t\t<\/div>\n\t\t\t\t<\/div>\n\t\t\t\t<\/div>\n\t\t","protected":false},"excerpt":{"rendered":"<p>https:\/\/pensiuneawaldor.ro\/wp-content\/uploads\/2024\/06\/copy_A4AC3F32-ABD4-42C3-A8A8-EBBA9AB60FE9.mov Bine ati venit la Pensiunea Waldor Pensiunea Waldor Confortul \u0219i buna ta dispozi\u021bie sunt &#8230; <\/p>\n<div class=\"text-center\"><a class=\"theme-btn\" href=\"https:\/\/pensiuneawaldor.ro\/\">Read More<\/a><\/div>\n","protected":false},"author":1,"featured_media":0,"parent":0,"menu_order":0,"comment_status":"closed","ping_status":"closed","template":"template-homepage.php","meta":{"_eb_attr":"","om_disable_all_campaigns":false,"_monsterinsights_skip_tracking":false,"_monsterinsights_sitenote_active":false,"_monsterinsights_sitenote_note":"","_monsterinsights_sitenote_category":0,"footnotes":""},"class_list":["post-259","page","type-page","status-publish","hentry"],"aioseo_notices":[],"yoast_head":"<!-- This site is optimized with the Yoast SEO plugin v22.9 - https:\/\/yoast.com\/wordpress\/plugins\/seo\/ -->\n<title>Home - Pensiunea Waldor<\/title>\n<meta name=\"description\" content=\"Pensiunea Waldor in Bacau Cazare Restaurant. Oferim servicii premium de cazare si restaurant. Strada Calea Moldovei, Nr. 157 BIS, Bacau.\" \/>\n<meta name=\"robots\" content=\"index, follow, max-snippet:-1, max-image-preview:large, max-video-preview:-1\" \/>\n<link rel=\"canonical\" href=\"https:\/\/pensiuneawaldor.ro\/\" \/>\n<meta property=\"og:locale\" content=\"en_US\" \/>\n<meta property=\"og:type\" content=\"article\" \/>\n<meta property=\"og:title\" content=\"Home - Pensiunea Waldor\" \/>\n<meta property=\"og:description\" content=\"Pensiunea Waldor in Bacau Cazare Restaurant. Oferim servicii premium de cazare si restaurant. Strada Calea Moldovei, Nr. 157 BIS, Bacau.\" \/>\n<meta property=\"og:url\" content=\"https:\/\/pensiuneawaldor.ro\/\" \/>\n<meta property=\"og:site_name\" content=\"Pensiunea Waldor\" \/>\n<meta property=\"article:publisher\" content=\"https:\/\/www.facebook.com\/people\/PensiuneaWaldor\/61558540484123\/\" \/>\n<meta property=\"article:modified_time\" content=\"2024-06-25T21:09:05+00:00\" \/>\n<meta name=\"twitter:card\" content=\"summary_large_image\" \/>\n<meta name=\"twitter:label1\" content=\"Est. reading time\" \/>\n\t<meta name=\"twitter:data1\" content=\"1 minute\" \/>\n<script type=\"application\/ld+json\" class=\"yoast-schema-graph\">{\"@context\":\"https:\/\/schema.org\",\"@graph\":[{\"@type\":\"WebPage\",\"@id\":\"https:\/\/pensiuneawaldor.ro\/\",\"url\":\"https:\/\/pensiuneawaldor.ro\/\",\"name\":\"Home - Pensiunea Waldor\",\"isPartOf\":{\"@id\":\"https:\/\/pensiuneawaldor.ro\/#website\"},\"datePublished\":\"2024-05-24T10:33:06+00:00\",\"dateModified\":\"2024-06-25T21:09:05+00:00\",\"description\":\"Pensiunea Waldor in Bacau Cazare Restaurant. Oferim servicii premium de cazare si restaurant. Strada Calea Moldovei, Nr. 157 BIS, Bacau.\",\"breadcrumb\":{\"@id\":\"https:\/\/pensiuneawaldor.ro\/#breadcrumb\"},\"inLanguage\":\"en-US\",\"potentialAction\":[{\"@type\":\"ReadAction\",\"target\":[\"https:\/\/pensiuneawaldor.ro\/\"]}]},{\"@type\":\"BreadcrumbList\",\"@id\":\"https:\/\/pensiuneawaldor.ro\/#breadcrumb\",\"itemListElement\":[{\"@type\":\"ListItem\",\"position\":1,\"name\":\"Home\",\"item\":\"https:\/\/pensiuneawaldor.ro\/\"},{\"@type\":\"ListItem\",\"position\":2,\"name\":\"Home\"}]},{\"@type\":\"WebSite\",\"@id\":\"https:\/\/pensiuneawaldor.ro\/#website\",\"url\":\"https:\/\/pensiuneawaldor.ro\/\",\"name\":\"Pensiunea Waldor\",\"description\":\"\",\"publisher\":{\"@id\":\"https:\/\/pensiuneawaldor.ro\/#organization\"},\"potentialAction\":[{\"@type\":\"SearchAction\",\"target\":{\"@type\":\"EntryPoint\",\"urlTemplate\":\"https:\/\/pensiuneawaldor.ro\/?s={search_term_string}\"},\"query-input\":\"required name=search_term_string\"}],\"inLanguage\":\"en-US\"},{\"@type\":\"Organization\",\"@id\":\"https:\/\/pensiuneawaldor.ro\/#organization\",\"name\":\"Pensiunea Waldor\",\"url\":\"https:\/\/pensiuneawaldor.ro\/\",\"logo\":{\"@type\":\"ImageObject\",\"inLanguage\":\"en-US\",\"@id\":\"https:\/\/pensiuneawaldor.ro\/#\/schema\/logo\/image\/\",\"url\":\"https:\/\/pensiuneawaldor.ro\/wp-content\/uploads\/2024\/05\/cropped-425433745_122097538334231343_5552007609763824903_n.jpg\",\"contentUrl\":\"https:\/\/pensiuneawaldor.ro\/wp-content\/uploads\/2024\/05\/cropped-425433745_122097538334231343_5552007609763824903_n.jpg\",\"width\":512,\"height\":512,\"caption\":\"Pensiunea Waldor\"},\"image\":{\"@id\":\"https:\/\/pensiuneawaldor.ro\/#\/schema\/logo\/image\/\"},\"sameAs\":[\"https:\/\/www.facebook.com\/people\/PensiuneaWaldor\/61558540484123\/\"]}]}<\/script>\n<!-- \/ Yoast SEO plugin. -->","yoast_head_json":{"title":"Home - Pensiunea Waldor","description":"Pensiunea Waldor in Bacau Cazare Restaurant. Oferim servicii premium de cazare si restaurant. Strada Calea Moldovei, Nr. 157 BIS, Bacau.","robots":{"index":"index","follow":"follow","max-snippet":"max-snippet:-1","max-image-preview":"max-image-preview:large","max-video-preview":"max-video-preview:-1"},"canonical":"https:\/\/pensiuneawaldor.ro\/","og_locale":"en_US","og_type":"article","og_title":"Home - Pensiunea Waldor","og_description":"Pensiunea Waldor in Bacau Cazare Restaurant. Oferim servicii premium de cazare si restaurant. Strada Calea Moldovei, Nr. 157 BIS, Bacau.","og_url":"https:\/\/pensiuneawaldor.ro\/","og_site_name":"Pensiunea Waldor","article_publisher":"https:\/\/www.facebook.com\/people\/PensiuneaWaldor\/61558540484123\/","article_modified_time":"2024-06-25T21:09:05+00:00","twitter_card":"summary_large_image","twitter_misc":{"Est. reading time":"1 minute"},"schema":{"@context":"https:\/\/schema.org","@graph":[{"@type":"WebPage","@id":"https:\/\/pensiuneawaldor.ro\/","url":"https:\/\/pensiuneawaldor.ro\/","name":"Home - Pensiunea Waldor","isPartOf":{"@id":"https:\/\/pensiuneawaldor.ro\/#website"},"datePublished":"2024-05-24T10:33:06+00:00","dateModified":"2024-06-25T21:09:05+00:00","description":"Pensiunea Waldor in Bacau Cazare Restaurant. Oferim servicii premium de cazare si restaurant. Strada Calea Moldovei, Nr. 157 BIS, Bacau.","breadcrumb":{"@id":"https:\/\/pensiuneawaldor.ro\/#breadcrumb"},"inLanguage":"en-US","potentialAction":[{"@type":"ReadAction","target":["https:\/\/pensiuneawaldor.ro\/"]}]},{"@type":"BreadcrumbList","@id":"https:\/\/pensiuneawaldor.ro\/#breadcrumb","itemListElement":[{"@type":"ListItem","position":1,"name":"Home","item":"https:\/\/pensiuneawaldor.ro\/"},{"@type":"ListItem","position":2,"name":"Home"}]},{"@type":"WebSite","@id":"https:\/\/pensiuneawaldor.ro\/#website","url":"https:\/\/pensiuneawaldor.ro\/","name":"Pensiunea Waldor","description":"","publisher":{"@id":"https:\/\/pensiuneawaldor.ro\/#organization"},"potentialAction":[{"@type":"SearchAction","target":{"@type":"EntryPoint","urlTemplate":"https:\/\/pensiuneawaldor.ro\/?s={search_term_string}"},"query-input":"required name=search_term_string"}],"inLanguage":"en-US"},{"@type":"Organization","@id":"https:\/\/pensiuneawaldor.ro\/#organization","name":"Pensiunea Waldor","url":"https:\/\/pensiuneawaldor.ro\/","logo":{"@type":"ImageObject","inLanguage":"en-US","@id":"https:\/\/pensiuneawaldor.ro\/#\/schema\/logo\/image\/","url":"https:\/\/pensiuneawaldor.ro\/wp-content\/uploads\/2024\/05\/cropped-425433745_122097538334231343_5552007609763824903_n.jpg","contentUrl":"https:\/\/pensiuneawaldor.ro\/wp-content\/uploads\/2024\/05\/cropped-425433745_122097538334231343_5552007609763824903_n.jpg","width":512,"height":512,"caption":"Pensiunea Waldor"},"image":{"@id":"https:\/\/pensiuneawaldor.ro\/#\/schema\/logo\/image\/"},"sameAs":["https:\/\/www.facebook.com\/people\/PensiuneaWaldor\/61558540484123\/"]}]}},"_links":{"self":[{"href":"https:\/\/pensiuneawaldor.ro\/index.php\/wp-json\/wp\/v2\/pages\/259","targetHints":{"allow":["GET"]}}],"collection":[{"href":"https:\/\/pensiuneawaldor.ro\/index.php\/wp-json\/wp\/v2\/pages"}],"about":[{"href":"https:\/\/pensiuneawaldor.ro\/index.php\/wp-json\/wp\/v2\/types\/page"}],"author":[{"embeddable":true,"href":"https:\/\/pensiuneawaldor.ro\/index.php\/wp-json\/wp\/v2\/users\/1"}],"replies":[{"embeddable":true,"href":"https:\/\/pensiuneawaldor.ro\/index.php\/wp-json\/wp\/v2\/comments?post=259"}],"version-history":[{"count":60,"href":"https:\/\/pensiuneawaldor.ro\/index.php\/wp-json\/wp\/v2\/pages\/259\/revisions"}],"predecessor-version":[{"id":1179,"href":"https:\/\/pensiuneawaldor.ro\/index.php\/wp-json\/wp\/v2\/pages\/259\/revisions\/1179"}],"wp:attachment":[{"href":"https:\/\/pensiuneawaldor.ro\/index.php\/wp-json\/wp\/v2\/media?parent=259"}],"curies":[{"name":"wp","href":"https:\/\/api.w.org\/{rel}","templated":true}]}}